{"id":56,"date":"2020-12-10T15:54:06","date_gmt":"2020-12-10T14:54:06","guid":{"rendered":"http:\/\/wp1014149.server-he.de\/WP_INST_PRODOMO\/wordpress-5.5.3\/wordpress\/?page_id=56"},"modified":"2021-06-27T13:30:55","modified_gmt":"2021-06-27T11:30:55","slug":"startseite","status":"publish","type":"page","link":"https:\/\/www.pflegedienst-prodomo.de\/","title":{"rendered":"Startseite"},"content":{"rendered":"\n<div class=\"wp-block-media-text alignwide is-stacked-on-mobile is-vertically-aligned-top\" style=\"grid-template-columns:26% auto\"><figure class=\"wp-block-media-text__media\"><img loading=\"lazy\" decoding=\"async\" width=\"260\" height=\"177\" src=\"https:\/\/www.pflegedienst-prodomo.de\/wp-content\/uploads\/2020\/12\/willkommen.jpg\" alt=\"\" class=\"wp-image-106 size-full\"\/><\/figure><div class=\"wp-block-media-text__content\">\n<p class=\"has-large-font-size\">Herzlich Willkommen<\/p>\n\n\n\n<p class=\"has-medium-font-size\">Wir wollen, das Sie zu Hause gut versorgt sind !<\/p>\n<\/div><\/div>\n\n\n\n<div class=\"wp-block-media-text alignwide is-stacked-on-mobile is-vertically-aligned-top\" style=\"grid-template-columns:26% auto\"><figure class=\"wp-block-media-text__media\"><img loading=\"lazy\" decoding=\"async\" width=\"193\" height=\"191\" src=\"https:\/\/www.pflegedienst-prodomo.de\/wp-content\/uploads\/2020\/12\/termine.jpg\" alt=\"\" class=\"wp-image-108 size-full\"\/><\/figure><div class=\"wp-block-media-text__content\">\n<h3 class=\"wp-block-heading\">Was k\u00f6nnen wir f\u00fcr Sie tun?<\/h3>\n\n\n\n<p>Wir, als ambulanter Pflegedienst, unterst\u00fctzten Pflegebed\u00fcrftige und ihre Angeh\u00f6rigen bei der Pflege zu Hause. Wir bieten Familien Unterst\u00fctzung und Hilfe im Alltag, damit pflegende Angeh\u00f6rige zum Beispiel Beruf und Pflege sowie Betreuung besser organisieren k\u00f6nnen. Unser Leistungsangebot erstreckt sich \u00fcber verschiedene Bereiche. Dies sind vor allem:&nbsp;<\/p>\n\n\n\n<ul class=\"wp-block-list\"><li><strong>h\u00e4usliche Krankenpflege nach \u00a7&nbsp;37&nbsp;SGB V<\/strong>&nbsp;als<strong> Leistung der gesetzlichen Krankenversicherung <\/strong>wie zum Beispiel Medikamentengabe, Verbandswechsel, Injektionen<\/li><li><strong>k\u00f6rperbezogene Pflegema\u00dfnahmen<\/strong> wie etwa K\u00f6rperpflege, Ern\u00e4hrung, F\u00f6rderung der Bewegungsf\u00e4higkeit<\/li><li><strong>pflegerische Betreuungsma\u00dfnahmen<\/strong>, zum Beispiel Hilfe bei der Orientierung, bei der Gestaltung des Alltags oder auch bei der Aufrechterhaltung sozialer Kontakte<\/li><li><strong>Beratung der Pflegebed\u00fcrftigen und ihrer Angeh\u00f6rigen<\/strong> bei pflegerischen Fragestellungen, Unterst\u00fctzung bei der Vermittlung von Hilfsdiensten wie Essensbelieferung oder Organisation von Fahrdiensten und Krankentransporten<\/li><li><strong>Hilfen bei der Haushaltsf\u00fchrung<\/strong>, zum Beispiel Kochen oder Reinigen der Wohnung<\/li><\/ul>\n\n\n\n<p>Wir erm\u00f6glichen Ihnen oder Ihren Angeh\u00f6rigen  <strong>zu Hause<\/strong> &#8211; in der <strong>vertrauten Umgebung<\/strong> &#8211; zu bleiben.&nbsp;<\/p>\n<\/div><\/div>\n","protected":false},"excerpt":{"rendered":"<p>Herzlich Willkommen Wir wollen, das Sie zu Hause gut versorgt sind ! Was k\u00f6nnen wir f\u00fcr Sie tun? Wir, als ambulanter Pflegedienst, unterst\u00fctzten Pflegebed\u00fcrftige und ihre Angeh\u00f6rigen bei der Pflege zu Hause. Wir bieten Familien Unterst\u00fctzung und Hilfe im Alltag,<\/p>\n","protected":false},"author":1,"featured_media":0,"parent":0,"menu_order":0,"comment_status":"closed","ping_status":"closed","template":"","meta":{"footnotes":""},"class_list":["post-56","page","type-page","status-publish","hentry"],"_links":{"self":[{"href":"https:\/\/www.pflegedienst-prodomo.de\/index.php\/wp-json\/wp\/v2\/pages\/56","targetHints":{"allow":["GET"]}}],"collection":[{"href":"https:\/\/www.pflegedienst-prodomo.de\/index.php\/wp-json\/wp\/v2\/pages"}],"about":[{"href":"https:\/\/www.pflegedienst-prodomo.de\/index.php\/wp-json\/wp\/v2\/types\/page"}],"author":[{"embeddable":true,"href":"https:\/\/www.pflegedienst-prodomo.de\/index.php\/wp-json\/wp\/v2\/users\/1"}],"replies":[{"embeddable":true,"href":"https:\/\/www.pflegedienst-prodomo.de\/index.php\/wp-json\/wp\/v2\/comments?post=56"}],"version-history":[{"count":27,"href":"https:\/\/www.pflegedienst-prodomo.de\/index.php\/wp-json\/wp\/v2\/pages\/56\/revisions"}],"predecessor-version":[{"id":274,"href":"https:\/\/www.pflegedienst-prodomo.de\/index.php\/wp-json\/wp\/v2\/pages\/56\/revisions\/274"}],"wp:attachment":[{"href":"https:\/\/www.pflegedienst-prodomo.de\/index.php\/wp-json\/wp\/v2\/media?parent=56"}],"curies":[{"name":"wp","href":"https:\/\/api.w.org\/{rel}","templated":true}]}}